{"id":2440,"date":"2025-12-02T12:53:44","date_gmt":"2025-12-02T12:53:44","guid":{"rendered":"https:\/\/justar.md\/%d0%b1%d0%bb%d0%be%d0%b3\/"},"modified":"2026-01-29T15:08:38","modified_gmt":"2026-01-29T15:08:38","slug":"%d0%b1%d0%bb%d0%be%d0%b3","status":"publish","type":"page","link":"https:\/\/justar.md\/ru\/%d0%b1%d0%bb%d0%be%d0%b3\/","title":{"rendered":"\u0411\u043b\u043e\u0433"},"content":{"rendered":"\t\t<div data-elementor-type=\"wp-page\" data-elementor-id=\"2440\" class=\"elementor elementor-2440 elementor-2261\" data-elementor-post-type=\"page\">\n\t\t\t\t<div class=\"elementor-element elementor-element-5b809f5 e-flex e-con-boxed e-con e-parent\" data-id=\"5b809f5\" data-element_type=\"container\" data-e-type=\"container\" data-settings=\"{&quot;background_background&quot;:&quot;classic&quot;}\">\n\t\t\t\t\t<div class=\"e-con-inner\">\n\t\t\t\t<div class=\"elementor-element elementor-element-8ed3183 elementor-widget__width-initial elementor-widget elementor-widget-heading\" data-id=\"8ed3183\" data-element_type=\"widget\" data-e-type=\"widget\" data-widget_type=\"heading.default\">\n\t\t\t\t<div class=\"elementor-widget-container\">\n\t\t\t\t\t<h1 class=\"elementor-heading-title elementor-size-default\">\u0411\u043b\u043e\u0433<\/h1>\t\t\t\t<\/div>\n\t\t\t\t<\/div>\n\t\t\t\t\t<\/div>\n\t\t\t\t<\/div>\n\t\t<div class=\"elementor-element elementor-element-67c1dd3 e-flex e-con-boxed e-con e-parent\" data-id=\"67c1dd3\" data-element_type=\"container\" data-e-type=\"container\">\n\t\t\t\t\t<div class=\"e-con-inner\">\n\t\t<div class=\"elementor-element elementor-element-8f01dd5 e-con-full e-flex e-con e-child\" data-id=\"8f01dd5\" data-element_type=\"container\" data-e-type=\"container\">\n\t\t<div class=\"elementor-element elementor-element-aa2b536 e-con-full e-flex e-con e-child\" data-id=\"aa2b536\" data-element_type=\"container\" data-e-type=\"container\">\n\t\t\t\t<div class=\"elementor-element elementor-element-eebb6f9 elementor-widget elementor-widget-image\" data-id=\"eebb6f9\" data-element_type=\"widget\" data-e-type=\"widget\" data-widget_type=\"image.default\">\n\t\t\t\t<div class=\"elementor-widget-container\">\n\t\t\t\t\t\t\t\t\t\t\t\t\t\t\t<img fetchpriority=\"high\" decoding=\"async\" width=\"427\" height=\"300\" src=\"https:\/\/justar.md\/wp-content\/uploads\/2025\/12\/Post_2.webp\" class=\"attachment-full size-full wp-image-2519\" alt=\"Angaja\u021bii agen\u021biei de paz\u0103 \u00een uniform\u0103 \u0219i \u00eenarma\u021bi la poligonul de tir\" srcset=\"https:\/\/justar.md\/wp-content\/uploads\/2025\/12\/Post_2.webp 427w, https:\/\/justar.md\/wp-content\/uploads\/2025\/12\/Post_2-300x211.webp 300w\" sizes=\"(max-width: 427px) 100vw, 427px\" \/>\t\t\t\t\t\t\t\t\t\t\t\t\t\t\t<\/div>\n\t\t\t\t<\/div>\n\t\t\t\t<\/div>\n\t\t<div class=\"elementor-element elementor-element-2da658d e-con-full e-flex e-con e-child\" data-id=\"2da658d\" data-element_type=\"container\" data-e-type=\"container\" data-settings=\"{&quot;background_background&quot;:&quot;classic&quot;}\">\n\t\t\t\t<div class=\"elementor-element elementor-element-a3bf322 elementor-widget elementor-widget-heading\" data-id=\"a3bf322\" data-element_type=\"widget\" data-e-type=\"widget\" data-widget_type=\"heading.default\">\n\t\t\t\t<div class=\"elementor-widget-container\">\n\t\t\t\t\t<h3 class=\"elementor-heading-title elementor-size-default\"><a href=\"\/ru\/\u0444\u0438\u0437\u0438\u0447\u0435\u0441\u043a\u0430\u044f-\u0438-\u043e\u0433\u043d\u0435\u0432\u0430\u044f-\u043f\u043e\u0434\u0433\u043e\u0442\u043e\u0432\u043a\u0430\/\">\u0424\u0438\u0437\u0438\u0447\u0435\u0441\u043a\u0430\u044f \u0438 \u043e\u0433\u043d\u0435\u0432\u0430\u044f \u043f\u043e\u0434\u0433\u043e\u0442\u043e\u0432\u043a\u0430 \u0441\u043e\u0442\u0440\u0443\u0434\u043d\u0438\u043a\u043e\u0432 Justar<\/a><\/h3>\t\t\t\t<\/div>\n\t\t\t\t<\/div>\n\t\t\t\t<\/div>\n\t\t\t\t<\/div>\n\t\t<div class=\"elementor-element elementor-element-0ae9c6d e-con-full e-flex e-con e-child\" data-id=\"0ae9c6d\" data-element_type=\"container\" data-e-type=\"container\">\n\t\t<div class=\"elementor-element elementor-element-93d7eda e-con-full e-flex e-con e-child\" data-id=\"93d7eda\" data-element_type=\"container\" data-e-type=\"container\">\n\t\t\t\t<div class=\"elementor-element elementor-element-71d56f3 elementor-widget elementor-widget-image\" data-id=\"71d56f3\" data-element_type=\"widget\" data-e-type=\"widget\" data-widget_type=\"image.default\">\n\t\t\t\t<div class=\"elementor-widget-container\">\n\t\t\t\t\t\t\t\t\t\t\t\t\t\t\t<img decoding=\"async\" width=\"427\" height=\"300\" src=\"https:\/\/justar.md\/wp-content\/uploads\/2025\/12\/Blog_2.webp\" class=\"attachment-full size-full wp-image-2439\" alt=\"Un individ mascat \u00eencearc\u0103 s\u0103 jefuiasc\u0103 o familie adormit\u0103 \u00een timpul nop\u021bii, serviciul de securitate asigur\u0103 protec\u021bia casei 24 de ore din 24.\" srcset=\"https:\/\/justar.md\/wp-content\/uploads\/2025\/12\/Blog_2.webp 427w, https:\/\/justar.md\/wp-content\/uploads\/2025\/12\/Blog_2-300x211.webp 300w\" sizes=\"(max-width: 427px) 100vw, 427px\" \/>\t\t\t\t\t\t\t\t\t\t\t\t\t\t\t<\/div>\n\t\t\t\t<\/div>\n\t\t\t\t<\/div>\n\t\t<div class=\"elementor-element elementor-element-5fccd15 e-con-full e-flex e-con e-child\" data-id=\"5fccd15\" data-element_type=\"container\" data-e-type=\"container\" data-settings=\"{&quot;background_background&quot;:&quot;classic&quot;}\">\n\t\t\t\t<div class=\"elementor-element elementor-element-2d28d5e elementor-widget elementor-widget-heading\" data-id=\"2d28d5e\" data-element_type=\"widget\" data-e-type=\"widget\" data-widget_type=\"heading.default\">\n\t\t\t\t<div class=\"elementor-widget-container\">\n\t\t\t\t\t<h3 class=\"elementor-heading-title elementor-size-default\"><a href=\"\/ru\/\u0437\u0430\u0431\u043e\u0442\u0430-\u043e-\u0441\u043f\u043e\u043a\u043e\u0439\u043d\u043e\u043c-\u0441\u043d\u0435-\u0432\u0430\u0448\u0435\u0439-\u0441\u0435\u043c\u044c\u0438\/\">\u0417\u0430\u0431\u043e\u0442\u0430 \u043e \u0441\u043f\u043e\u043a\u043e\u0439\u043d\u043e\u043c \u0441\u043d\u0435 \u0412\u0430\u0448\u0435\u0439 \u0441\u0435\u043c\u044c\u0438!<\/a><\/h3>\t\t\t\t<\/div>\n\t\t\t\t<\/div>\n\t\t\t\t<\/div>\n\t\t\t\t<\/div>\n\t\t<div class=\"elementor-element elementor-element-f82f58d e-con-full e-flex e-con e-child\" data-id=\"f82f58d\" data-element_type=\"container\" data-e-type=\"container\">\n\t\t<div class=\"elementor-element elementor-element-0cb73e0 e-con-full e-flex e-con e-child\" data-id=\"0cb73e0\" data-element_type=\"container\" data-e-type=\"container\">\n\t\t\t\t<div class=\"elementor-element elementor-element-5718434 elementor-widget elementor-widget-image\" data-id=\"5718434\" data-element_type=\"widget\" data-e-type=\"widget\" data-widget_type=\"image.default\">\n\t\t\t\t<div class=\"elementor-widget-container\">\n\t\t\t\t\t\t\t\t\t\t\t\t\t\t\t<img decoding=\"async\" width=\"427\" height=\"300\" src=\"https:\/\/justar.md\/wp-content\/uploads\/2026\/01\/Blog_3.webp\" class=\"attachment-full size-full wp-image-2706\" alt=\"Angajat al serviciului de securitate \u00een vest\u0103 antiglon\u021b \u0219i masc\u0103, cu o arm\u0103 automat\u0103 \u00een m\u00e2ini, pe fundalul unui birou\" srcset=\"https:\/\/justar.md\/wp-content\/uploads\/2026\/01\/Blog_3.webp 427w, https:\/\/justar.md\/wp-content\/uploads\/2026\/01\/Blog_3-300x211.webp 300w\" sizes=\"(max-width: 427px) 100vw, 427px\" \/>\t\t\t\t\t\t\t\t\t\t\t\t\t\t\t<\/div>\n\t\t\t\t<\/div>\n\t\t\t\t<\/div>\n\t\t<div class=\"elementor-element elementor-element-afcc59e e-con-full e-flex e-con e-child\" data-id=\"afcc59e\" data-element_type=\"container\" data-e-type=\"container\" data-settings=\"{&quot;background_background&quot;:&quot;classic&quot;}\">\n\t\t\t\t<div class=\"elementor-element elementor-element-8b3940e elementor-widget elementor-widget-heading\" data-id=\"8b3940e\" data-element_type=\"widget\" data-e-type=\"widget\" data-widget_type=\"heading.default\">\n\t\t\t\t<div class=\"elementor-widget-container\">\n\t\t\t\t\t<h3 class=\"elementor-heading-title elementor-size-default\"><a href=\"\/ru\/\u043e\u0445\u0440\u0430\u043d\u043d\u044b\u0435-\u0430\u0433\u0435\u043d\u0442\u0441\u0442\u0432\u0430-\u043a\u0438\u0448\u0438\u043d\u0451\u0432\/\">\u041e\u0445\u0440\u0430\u043d\u043d\u044b\u0435 \u0430\u0433\u0435\u043d\u0442\u0441\u0442\u0432\u0430 \u041a\u0438\u0448\u0438\u043d\u0451\u0432 - \u0432\u044b\u0431\u0435\u0440\u0438\u0442\u0435 \u0443\u0441\u043b\u0443\u0433\u0443, \u0430 \u043d\u0435 \u043a\u043e\u043c\u043f\u0430\u043d\u0438\u044e<\/a><\/h3>\t\t\t\t<\/div>\n\t\t\t\t<\/div>\n\t\t\t\t<\/div>\n\t\t\t\t<\/div>\n\t\t\t\t\t<\/div>\n\t\t\t\t<\/div>\n\t\t<div class=\"elementor-element elementor-element-95c8983 e-flex e-con-boxed e-con e-parent\" data-id=\"95c8983\" data-element_type=\"container\" data-e-type=\"container\" data-settings=\"{&quot;background_background&quot;:&quot;classic&quot;}\">\n\t\t\t\t\t<div class=\"e-con-inner\">\n\t\t<div class=\"elementor-element elementor-element-0bc7984 e-con-full e-flex e-con e-child\" data-id=\"0bc7984\" data-element_type=\"container\" data-e-type=\"container\">\n\t\t\t\t<div class=\"elementor-element elementor-element-f2f87ad elementor-widget elementor-widget-heading\" data-id=\"f2f87ad\" data-element_type=\"widget\" data-e-type=\"widget\" data-widget_type=\"heading.default\">\n\t\t\t\t<div class=\"elementor-widget-container\">\n\t\t\t\t\t<h2 class=\"elementor-heading-title elementor-size-default\">\u0421\u0432\u044f\u0436\u0438\u0442\u0435\u0441\u044c \u0441 \u043d\u0430\u043c\u0438 \u0434\u043b\u044f \u043f\u043e\u043b\u0443\u0447\u0435\u043d\u0438\u044f \u0434\u043e\u043f\u043e\u043b\u043d\u0438\u0442\u0435\u043b\u044c\u043d\u043e\u0439 \u0438\u043d\u0444\u043e\u0440\u043c\u0430\u0446\u0438\u0438<\/h2>\t\t\t\t<\/div>\n\t\t\t\t<\/div>\n\t\t\t\t<div class=\"elementor-element elementor-element-434ec57 elementor-widget elementor-widget-text-editor\" data-id=\"434ec57\" data-element_type=\"widget\" data-e-type=\"widget\" data-widget_type=\"text-editor.default\">\n\t\t\t\t<div class=\"elementor-widget-container\">\n\t\t\t\t\t\t\t\t\t<p>\u0415\u0441\u043b\u0438 \u0443 \u0432\u0430\u0441 \u0435\u0441\u0442\u044c \u0432\u043e\u043f\u0440\u043e\u0441\u044b \u043f\u043e \u043f\u043e\u0432\u043e\u0434\u0443 \u043f\u0440\u0435\u0434\u0441\u0442\u0430\u0432\u043b\u0435\u043d\u043d\u044b\u0445 \u0443\u0441\u043b\u043e\u0432\u0438\u0439 \u0438\u043b\u0438 \u0432\u044b \u0445\u043e\u0442\u0438\u0442\u0435 \u0443\u0437\u043d\u0430\u0442\u044c \u0431\u043e\u043b\u044c\u0448\u0435 \u043e \u043d\u0430\u0448\u0438\u0445 \u0443\u0441\u043b\u0443\u0433\u0430\u0445 \u043f\u043e \u043e\u0445\u0440\u0430\u043d\u0435 \u0438 \u0431\u0435\u0437\u043e\u043f\u0430\u0441\u043d\u043e\u0441\u0442\u0438, \u043a\u043e\u043c\u0430\u043d\u0434\u0430 Justar \u0433\u043e\u0442\u043e\u0432\u0430 \u043e\u0442\u0432\u0435\u0442\u0438\u0442\u044c \u043d\u0430 \u043d\u0438\u0445.<\/p><p>\u041d\u0435\u0441\u043a\u043e\u043b\u044c\u043a\u043e \u043c\u0438\u043d\u0443\u0442 \u0431\u0435\u0441\u0435\u0434\u044b \u043c\u043e\u0433\u0443\u0442 \u0441\u0442\u0430\u0442\u044c \u043f\u0435\u0440\u0432\u044b\u043c \u0448\u0430\u0433\u043e\u043c \u043a \u0441\u043e\u0437\u0434\u0430\u043d\u0438\u044e \u043f\u043b\u0430\u043d\u0430 \u0431\u0435\u0437\u043e\u043f\u0430\u0441\u043d\u043e\u0441\u0442\u0438, \u0430\u0434\u0430\u043f\u0442\u0438\u0440\u043e\u0432\u0430\u043d\u043d\u043e\u0433\u043e \u043a \u0432\u0430\u0448\u0438\u043c \u043f\u043e\u0442\u0440\u0435\u0431\u043d\u043e\u0441\u0442\u044f\u043c. \u0415\u0441\u043b\u0438 \u0443 \u0432\u0430\u0441 \u0435\u0441\u0442\u044c \u0432\u043e\u043f\u0440\u043e\u0441\u044b \u043f\u043e \u043f\u0440\u0435\u0434\u0441\u0442\u0430\u0432\u043b\u0435\u043d\u043d\u044b\u043c \u0443\u0441\u043b\u043e\u0432\u0438\u044f\u043c \u0438\u043b\u0438 \u0432\u044b \u0445\u043e\u0442\u0438\u0442\u0435 \u0443\u0437\u043d\u0430\u0442\u044c \u0431\u043e\u043b\u044c\u0448\u0435 \u043e \u043d\u0430\u0448\u0438\u0445 \u0443\u0441\u043b\u0443\u0433\u0430\u0445 \u043f\u043e \u043e\u0445\u0440\u0430\u043d\u0435 \u0438 \u0431\u0435\u0437\u043e\u043f\u0430\u0441\u043d\u043e\u0441\u0442\u0438, \u043a\u043e\u043c\u0430\u043d\u0434\u0430 Justar \u0433\u043e\u0442\u043e\u0432\u0430 \u043e\u0442\u0432\u0435\u0442\u0438\u0442\u044c \u043d\u0430 \u043d\u0438\u0445. <\/p><p>\u041d\u0435\u0441\u043a\u043e\u043b\u044c\u043a\u043e \u043c\u0438\u043d\u0443\u0442 \u0431\u0435\u0441\u0435\u0434\u044b \u043c\u043e\u0433\u0443\u0442 \u0441\u0442\u0430\u0442\u044c \u043f\u0435\u0440\u0432\u044b\u043c \u0448\u0430\u0433\u043e\u043c \u043a \u0441\u043e\u0437\u0434\u0430\u043d\u0438\u044e \u043f\u043b\u0430\u043d\u0430 \u0431\u0435\u0437\u043e\u043f\u0430\u0441\u043d\u043e\u0441\u0442\u0438, \u0430\u0434\u0430\u043f\u0442\u0438\u0440\u043e\u0432\u0430\u043d\u043d\u043e\u0433\u043e \u043a \u0432\u0430\u0448\u0438\u043c \u043f\u043e\u0442\u0440\u0435\u0431\u043d\u043e\u0441\u0442\u044f\u043c.<\/p>\t\t\t\t\t\t\t\t<\/div>\n\t\t\t\t<\/div>\n\t\t\t\t<div class=\"elementor-element elementor-element-f247488 elementor-align-justify elementor-widget__width-initial elementor-widget elementor-widget-button\" data-id=\"f247488\" data-element_type=\"widget\" data-e-type=\"widget\" data-widget_type=\"button.default\">\n\t\t\t\t<div class=\"elementor-widget-container\">\n\t\t\t\t\t\t\t\t\t<div class=\"elementor-button-wrapper\">\n\t\t\t\t\t<a class=\"elementor-button elementor-button-link elementor-size-sm\" href=\"\/ru\/\u043a\u043e\u043d\u0442\u0430\u043a\u0442\u044b\/\">\n\t\t\t\t\t\t<span class=\"elementor-button-content-wrapper\">\n\t\t\t\t\t\t\t\t\t<span class=\"elementor-button-text\">\u0421\u0432\u044f\u0437\u0430\u0442\u044c\u0441\u044f \u0441 \u043d\u0430\u043c\u0438<\/span>\n\t\t\t\t\t<\/span>\n\t\t\t\t\t<\/a>\n\t\t\t\t<\/div>\n\t\t\t\t\t\t\t\t<\/div>\n\t\t\t\t<\/div>\n\t\t\t\t<\/div>\n\t\t\t\t\t<\/div>\n\t\t\t\t<\/div>\n\t\t\t\t<\/div>\n\t\t","protected":false},"excerpt":{"rendered":"<p>\u0411\u043b\u043e\u0433 \u0424\u0438\u0437\u0438\u0447\u0435\u0441\u043a\u0430\u044f \u0438 \u043e\u0433\u043d\u0435\u0432\u0430\u044f \u043f\u043e\u0434\u0433\u043e\u0442\u043e\u0432\u043a\u0430 \u0441\u043e\u0442\u0440\u0443\u0434\u043d\u0438\u043a\u043e\u0432 Justar \u0417\u0430\u0431\u043e\u0442\u0430 \u043e \u0441\u043f\u043e\u043a\u043e\u0439\u043d\u043e\u043c \u0441\u043d\u0435 \u0412\u0430\u0448\u0435\u0439 \u0441\u0435\u043c\u044c\u0438! \u041e\u0445\u0440\u0430\u043d\u043d\u044b\u0435 \u0430\u0433\u0435\u043d\u0442\u0441\u0442\u0432\u0430 \u041a\u0438\u0448\u0438\u043d\u0451\u0432 &#8212; \u0432\u044b\u0431\u0435\u0440\u0438\u0442\u0435 \u0443\u0441\u043b\u0443\u0433\u0443, \u0430 \u043d\u0435 \u043a\u043e\u043c\u043f\u0430\u043d\u0438\u044e \u0421\u0432\u044f\u0436\u0438\u0442\u0435\u0441\u044c \u0441 \u043d\u0430\u043c\u0438 \u0434\u043b\u044f \u043f\u043e\u043b\u0443\u0447\u0435\u043d\u0438\u044f \u0434\u043e\u043f\u043e\u043b\u043d\u0438\u0442\u0435\u043b\u044c\u043d\u043e\u0439 \u0438\u043d\u0444\u043e\u0440\u043c\u0430\u0446\u0438\u0438 \u0415\u0441\u043b\u0438 \u0443 \u0432\u0430\u0441 \u0435\u0441\u0442\u044c \u0432\u043e\u043f\u0440\u043e\u0441\u044b \u043f\u043e \u043f\u043e\u0432\u043e\u0434\u0443 \u043f\u0440\u0435\u0434\u0441\u0442\u0430\u0432\u043b\u0435\u043d\u043d\u044b\u0445 \u0443\u0441\u043b\u043e\u0432\u0438\u0439 \u0438\u043b\u0438 \u0432\u044b \u0445\u043e\u0442\u0438\u0442\u0435 \u0443\u0437\u043d\u0430\u0442\u044c \u0431\u043e\u043b\u044c\u0448\u0435 \u043e \u043d\u0430\u0448\u0438\u0445 \u0443\u0441\u043b\u0443\u0433\u0430\u0445 \u043f\u043e \u043e\u0445\u0440\u0430\u043d\u0435 \u0438 \u0431\u0435\u0437\u043e\u043f\u0430\u0441\u043d\u043e\u0441\u0442\u0438, \u043a\u043e\u043c\u0430\u043d\u0434\u0430 Justar \u0433\u043e\u0442\u043e\u0432\u0430 \u043e\u0442\u0432\u0435\u0442\u0438\u0442\u044c \u043d\u0430 [&hellip;]<\/p>\n","protected":false},"author":1,"featured_media":0,"parent":0,"menu_order":0,"comment_status":"closed","ping_status":"closed","template":"","meta":{"footnotes":""},"class_list":["post-2440","page","type-page","status-publish","hentry"],"_links":{"self":[{"href":"https:\/\/justar.md\/ru\/wp-json\/wp\/v2\/pages\/2440","targetHints":{"allow":["GET"]}}],"collection":[{"href":"https:\/\/justar.md\/ru\/wp-json\/wp\/v2\/pages"}],"about":[{"href":"https:\/\/justar.md\/ru\/wp-json\/wp\/v2\/types\/page"}],"author":[{"embeddable":true,"href":"https:\/\/justar.md\/ru\/wp-json\/wp\/v2\/users\/1"}],"replies":[{"embeddable":true,"href":"https:\/\/justar.md\/ru\/wp-json\/wp\/v2\/comments?post=2440"}],"version-history":[{"count":34,"href":"https:\/\/justar.md\/ru\/wp-json\/wp\/v2\/pages\/2440\/revisions"}],"predecessor-version":[{"id":3091,"href":"https:\/\/justar.md\/ru\/wp-json\/wp\/v2\/pages\/2440\/revisions\/3091"}],"wp:attachment":[{"href":"https:\/\/justar.md\/ru\/wp-json\/wp\/v2\/media?parent=2440"}],"curies":[{"name":"wp","href":"https:\/\/api.w.org\/{rel}","templated":true}]}}